{"id":26,"date":"2022-07-14T13:06:18","date_gmt":"2022-07-14T13:06:18","guid":{"rendered":"https:\/\/clients.heave.be\/rantree\/?page_id=26"},"modified":"2025-05-15T14:10:38","modified_gmt":"2025-05-15T14:10:38","slug":"menu","status":"publish","type":"page","link":"https:\/\/rantree.nl\/fr\/menu\/","title":{"rendered":"Menu"},"content":{"rendered":"","protected":false},"excerpt":{"rendered":"","protected":false},"author":1,"featured_media":0,"parent":0,"menu_order":0,"comment_status":"closed","ping_status":"closed","template":"templates\/menu.php","meta":{"_uag_custom_page_level_css":"","footnotes":""},"class_list":["post-26","page","type-page","status-publish","hentry"],"yoast_head":"<!-- This site is optimized with the Yoast SEO plugin v27.4 - https:\/\/yoast.com\/product\/yoast-seo-wordpress\/ -->\n<title>Culinair genieten van seizoenssmaken bij Rantr\u00e9e Maastricht<\/title>\n<meta name=\"description\" content=\"Laat je verrassen door verfijnde gerechten, ge\u00efnspireerd op het seizoen. Rantr\u00e9e biedt een culinaire ervaring vol smaak en creativiteit.\" \/>\n<meta name=\"robots\" content=\"index, follow, max-snippet:-1, max-image-preview:large, max-video-preview:-1\" \/>\n<link rel=\"canonical\" href=\"https:\/\/rantree.nl\/fr\/menu\/\" \/>\n<meta property=\"og:locale\" content=\"fr_FR\" \/>\n<meta property=\"og:type\" content=\"article\" \/>\n<meta property=\"og:title\" content=\"Culinair genieten van seizoenssmaken bij Rantr\u00e9e Maastricht\" \/>\n<meta property=\"og:description\" content=\"Laat je verrassen door verfijnde gerechten, ge\u00efnspireerd op het seizoen. Rantr\u00e9e biedt een culinaire ervaring vol smaak en creativiteit.\" \/>\n<meta property=\"og:url\" content=\"https:\/\/rantree.nl\/fr\/menu\/\" \/>\n<meta property=\"og:site_name\" content=\"Restaurant Rantr&eacute;e Maastricht\" \/>\n<meta property=\"article:publisher\" content=\"https:\/\/www.facebook.com\/rantree\/\" \/>\n<meta property=\"article:modified_time\" content=\"2025-05-15T14:10:38+00:00\" \/>\n<meta name=\"twitter:card\" content=\"summary_large_image\" \/>\n<script type=\"application\/ld+json\" class=\"yoast-schema-graph\">{\"@context\":\"https:\\\/\\\/schema.org\",\"@graph\":[{\"@type\":\"WebPage\",\"@id\":\"https:\\\/\\\/rantree.nl\\\/menu\\\/\",\"url\":\"https:\\\/\\\/rantree.nl\\\/menu\\\/\",\"name\":\"Culinair genieten van seizoenssmaken bij Rantr\u00e9e Maastricht\",\"isPartOf\":{\"@id\":\"https:\\\/\\\/rantree.nl\\\/#website\"},\"datePublished\":\"2022-07-14T13:06:18+00:00\",\"dateModified\":\"2025-05-15T14:10:38+00:00\",\"description\":\"Laat je verrassen door verfijnde gerechten, ge\u00efnspireerd op het seizoen. Rantr\u00e9e biedt een culinaire ervaring vol smaak en creativiteit.\",\"breadcrumb\":{\"@id\":\"https:\\\/\\\/rantree.nl\\\/menu\\\/#breadcrumb\"},\"inLanguage\":\"fr-FR\",\"potentialAction\":[{\"@type\":\"ReadAction\",\"target\":[\"https:\\\/\\\/rantree.nl\\\/menu\\\/\"]}]},{\"@type\":\"BreadcrumbList\",\"@id\":\"https:\\\/\\\/rantree.nl\\\/menu\\\/#breadcrumb\",\"itemListElement\":[{\"@type\":\"ListItem\",\"position\":1,\"name\":\"Home\",\"item\":\"https:\\\/\\\/rantree.nl\\\/\"},{\"@type\":\"ListItem\",\"position\":2,\"name\":\"Menu\"}]},{\"@type\":\"WebSite\",\"@id\":\"https:\\\/\\\/rantree.nl\\\/#website\",\"url\":\"https:\\\/\\\/rantree.nl\\\/\",\"name\":\"Restaurant Rantr&eacute;e Maastricht\",\"description\":\"\",\"publisher\":{\"@id\":\"https:\\\/\\\/rantree.nl\\\/#organization\"},\"potentialAction\":[{\"@type\":\"SearchAction\",\"target\":{\"@type\":\"EntryPoint\",\"urlTemplate\":\"https:\\\/\\\/rantree.nl\\\/?s={search_term_string}\"},\"query-input\":{\"@type\":\"PropertyValueSpecification\",\"valueRequired\":true,\"valueName\":\"search_term_string\"}}],\"inLanguage\":\"fr-FR\"},{\"@type\":\"Organization\",\"@id\":\"https:\\\/\\\/rantree.nl\\\/#organization\",\"name\":\"Restaurant Rantr\u00e9e\",\"url\":\"https:\\\/\\\/rantree.nl\\\/\",\"logo\":{\"@type\":\"ImageObject\",\"inLanguage\":\"fr-FR\",\"@id\":\"https:\\\/\\\/rantree.nl\\\/#\\\/schema\\\/logo\\\/image\\\/\",\"url\":\"https:\\\/\\\/rantree.nl\\\/wp-content\\\/uploads\\\/2022\\\/07\\\/design.logo_.jpg\",\"contentUrl\":\"https:\\\/\\\/rantree.nl\\\/wp-content\\\/uploads\\\/2022\\\/07\\\/design.logo_.jpg\",\"width\":1000,\"height\":1000,\"caption\":\"Restaurant Rantr\u00e9e\"},\"image\":{\"@id\":\"https:\\\/\\\/rantree.nl\\\/#\\\/schema\\\/logo\\\/image\\\/\"},\"sameAs\":[\"https:\\\/\\\/www.facebook.com\\\/rantree\\\/\",\"https:\\\/\\\/www.instagram.com\\\/restaurantrantree\\\/\"]}]}<\/script>\n<!-- \/ Yoast SEO plugin. -->","yoast_head_json":{"title":"Culinair genieten van seizoenssmaken bij Rantr\u00e9e Maastricht","description":"Laat je verrassen door verfijnde gerechten, ge\u00efnspireerd op het seizoen. Rantr\u00e9e biedt een culinaire ervaring vol smaak en creativiteit.","robots":{"index":"index","follow":"follow","max-snippet":"max-snippet:-1","max-image-preview":"max-image-preview:large","max-video-preview":"max-video-preview:-1"},"canonical":"https:\/\/rantree.nl\/fr\/menu\/","og_locale":"fr_FR","og_type":"article","og_title":"Culinair genieten van seizoenssmaken bij Rantr\u00e9e Maastricht","og_description":"Laat je verrassen door verfijnde gerechten, ge\u00efnspireerd op het seizoen. Rantr\u00e9e biedt een culinaire ervaring vol smaak en creativiteit.","og_url":"https:\/\/rantree.nl\/fr\/menu\/","og_site_name":"Restaurant Rantr&eacute;e Maastricht","article_publisher":"https:\/\/www.facebook.com\/rantree\/","article_modified_time":"2025-05-15T14:10:38+00:00","twitter_card":"summary_large_image","schema":{"@context":"https:\/\/schema.org","@graph":[{"@type":"WebPage","@id":"https:\/\/rantree.nl\/menu\/","url":"https:\/\/rantree.nl\/menu\/","name":"Culinair genieten van seizoenssmaken bij Rantr\u00e9e Maastricht","isPartOf":{"@id":"https:\/\/rantree.nl\/#website"},"datePublished":"2022-07-14T13:06:18+00:00","dateModified":"2025-05-15T14:10:38+00:00","description":"Laat je verrassen door verfijnde gerechten, ge\u00efnspireerd op het seizoen. Rantr\u00e9e biedt een culinaire ervaring vol smaak en creativiteit.","breadcrumb":{"@id":"https:\/\/rantree.nl\/menu\/#breadcrumb"},"inLanguage":"fr-FR","potentialAction":[{"@type":"ReadAction","target":["https:\/\/rantree.nl\/menu\/"]}]},{"@type":"BreadcrumbList","@id":"https:\/\/rantree.nl\/menu\/#breadcrumb","itemListElement":[{"@type":"ListItem","position":1,"name":"Home","item":"https:\/\/rantree.nl\/"},{"@type":"ListItem","position":2,"name":"Menu"}]},{"@type":"WebSite","@id":"https:\/\/rantree.nl\/#website","url":"https:\/\/rantree.nl\/","name":"Restaurant Rantr&eacute;e Maastricht","description":"","publisher":{"@id":"https:\/\/rantree.nl\/#organization"},"potentialAction":[{"@type":"SearchAction","target":{"@type":"EntryPoint","urlTemplate":"https:\/\/rantree.nl\/?s={search_term_string}"},"query-input":{"@type":"PropertyValueSpecification","valueRequired":true,"valueName":"search_term_string"}}],"inLanguage":"fr-FR"},{"@type":"Organization","@id":"https:\/\/rantree.nl\/#organization","name":"Restaurant Rantr\u00e9e","url":"https:\/\/rantree.nl\/","logo":{"@type":"ImageObject","inLanguage":"fr-FR","@id":"https:\/\/rantree.nl\/#\/schema\/logo\/image\/","url":"https:\/\/rantree.nl\/wp-content\/uploads\/2022\/07\/design.logo_.jpg","contentUrl":"https:\/\/rantree.nl\/wp-content\/uploads\/2022\/07\/design.logo_.jpg","width":1000,"height":1000,"caption":"Restaurant Rantr\u00e9e"},"image":{"@id":"https:\/\/rantree.nl\/#\/schema\/logo\/image\/"},"sameAs":["https:\/\/www.facebook.com\/rantree\/","https:\/\/www.instagram.com\/restaurantrantree\/"]}]}},"uagb_featured_image_src":{"full":false,"thumbnail":false,"medium":false,"medium_large":false,"large":false,"1536x1536":false,"2048x2048":false,"trp-custom-language-flag":false,"s_img":false,"m_img":false,"l_img":false,"xl_img":false},"uagb_author_info":{"display_name":"043WEB","author_link":"https:\/\/rantree.nl\/fr\/author\/043web\/"},"uagb_comment_info":0,"uagb_excerpt":null,"_links":{"self":[{"href":"https:\/\/rantree.nl\/fr\/wp-json\/wp\/v2\/pages\/26","targetHints":{"allow":["GET"]}}],"collection":[{"href":"https:\/\/rantree.nl\/fr\/wp-json\/wp\/v2\/pages"}],"about":[{"href":"https:\/\/rantree.nl\/fr\/wp-json\/wp\/v2\/types\/page"}],"author":[{"embeddable":true,"href":"https:\/\/rantree.nl\/fr\/wp-json\/wp\/v2\/users\/1"}],"replies":[{"embeddable":true,"href":"https:\/\/rantree.nl\/fr\/wp-json\/wp\/v2\/comments?post=26"}],"version-history":[{"count":1,"href":"https:\/\/rantree.nl\/fr\/wp-json\/wp\/v2\/pages\/26\/revisions"}],"predecessor-version":[{"id":27,"href":"https:\/\/rantree.nl\/fr\/wp-json\/wp\/v2\/pages\/26\/revisions\/27"}],"wp:attachment":[{"href":"https:\/\/rantree.nl\/fr\/wp-json\/wp\/v2\/media?parent=26"}],"curies":[{"name":"wp","href":"https:\/\/api.w.org\/{rel}","templated":true}]}}